{"id":1315,"date":"2025-01-16T09:41:25","date_gmt":"2025-01-16T06:41:25","guid":{"rendered":"https:\/\/netfood.iwn.co\/kiirtestid\/luminomeetrid\/zymosnap-atp-testi\/"},"modified":"2025-07-22T06:32:57","modified_gmt":"2025-07-22T06:32:57","slug":"zymosnap-atp-test","status":"publish","type":"page","link":"https:\/\/www.netfood.fi\/et\/teenused-ja-tooted\/kiirtestid\/luminomeetrid\/zymosnap-atp-test\/","title":{"rendered":"ZymoSnap\u00ae ATP-test"},"content":{"rendered":"\n<section id=\"g-1j575j5\" class=\"wp-block-gutentor-m3 alignfull section-g-1j575j5 gutentor-module gutentor-container-cover\"><div class=\"grid-container\">\n<section id=\"g-9fw9ij3\" class=\"wp-block-gutentor-m4 section-g-9fw9ij3 gutentor-module gutentor-advanced-columns\"><div class=\"grid-container\"><div class=\"grid-row\">\n<div id=\"col-g-sw35wpg\" class=\"wp-block-gutentor-m4-col col-g-sw35wpg gutentor-single-column  grid-lg-12 grid-md-12 grid-12\"><div id=\"section-g-sw35wpg\" class=\"section-g-sw35wpg gutentor-col-wrap\">\n<div id=\"section-g-3gw6uat\" class=\"wp-block-gutentor-e0 section-g-3gw6uat gutentor-element gutentor-element-advanced-text\"><div class=\"gutentor-text-wrap\"><p class=\"gutentor-text\"><em>ZymoSnap\u00ae<\/em> on test, mis on spetsiaalselt v\u00e4lja t\u00f6\u00f6tatud piimatoodete past\u00f6riseerimise t\u00f5hususe kontrollimiseks. Test p\u00f5hineb aluselise fosfataasi m\u00e4\u00e4ramisel, mis on selle valdkonna rahvusvaheline standardmeetod. T\u00e4nu <em>ZymoSnap\u00ae<\/em>-testile saab meiereides juba kasutuses olevat EnSURE Touch luminomeetrit kasutada ka past\u00f6riseerimise protsessi hindamiseks ilma vajaduseta t\u00e4iendavate seadmete j\u00e4rele.<\/p><\/div><\/div>\n\n\n\n<div id=\"section-g-5acb1f2\" class=\"wp-block-gutentor-e6 section-g-5acb1f2 gutentor-element gutentor-element-image text-align-center-desktop text-align-center-tablet text-align-center-mobile product-image\"><div class=\"gutentor-element-image-box\"><div class=\"gutentor-image-thumb\"><img decoding=\"async\" class=\"normal-image\" src=\"https:\/\/netfood.fi\/wp-content\/uploads\/2025\/07\/zymosnap_tuotekuva.webp\" \/><\/div><\/div><\/div>\n\n\n\n<div id=\"section-g-9vuz7ar\" class=\"wp-block-gutentor-e7 section-g-9vuz7ar gutentor-element gutentor-element-list\"><ul class=\"grid-row gutentor-grid-item-wrap list-indicator-icon\"><li class=\"gutentor-list-item grid-lg-12 grid-md-12 grid-12\"><span class=\"gutentor-single-item gutentor-single-item-0\"><span class=\"gutentor-list-item-wrap g-s-list-wrap\"><span class=\"gutentor-single-list-item-icon\"><i class=\"list-item-icon fas fa-arrow-right\"><\/i><\/span><span class=\"gutentor-list-item\"><p class=\"gutentor-single-item-title\">All-in-one test: k\u00f5ik vajalik \u00fches \u2013 lihtne, kiire ja mugav kasutada<\/p><\/span><\/span><\/span><\/li><li class=\"gutentor-list-item grid-lg-12 grid-md-12 grid-12\"><span class=\"gutentor-single-item gutentor-single-item-1\"><span class=\"gutentor-list-item-wrap g-s-list-wrap\"><span class=\"gutentor-single-list-item-icon\"><i class=\"list-item-icon fas fa-arrow-right\"><\/i><\/span><span class=\"gutentor-list-item\"><p class=\"gutentor-single-item-title\">V\u00e4ga kiire- ainult 5 minutit inkubeerimist ja 10 sekundit m\u00f5\u00f5tmist<\/p><\/span><\/span><\/span><\/li><li class=\"gutentor-list-item grid-lg-12 grid-md-12 grid-12\"><span class=\"gutentor-single-item gutentor-single-item-2\"><span class=\"gutentor-list-item-wrap g-s-list-wrap\"><span class=\"gutentor-single-list-item-icon\"><i class=\"list-item-icon fas fa-arrow-right\"><\/i><\/span><span class=\"gutentor-list-item\"><p class=\"gutentor-single-item-title\">T\u00f5hus- v\u00f5imaldab testida kuni 45 proovi tunnis<\/p><\/span><\/span><\/span><\/li><li class=\"gutentor-list-item grid-lg-12 grid-md-12 grid-12\"><span class=\"gutentor-single-item gutentor-single-item-3\"><span class=\"gutentor-list-item-wrap g-s-list-wrap\"><span class=\"gutentor-single-list-item-icon\"><i class=\"list-item-icon fas fa-arrow-right\"><\/i><\/span><span class=\"gutentor-list-item\"><p class=\"gutentor-single-item-title\">Vajab ainult v\u00e4ikest inkubaatorit v\u00f5i termoplokki (+37\u202f\u00b0C)<\/p><\/span><\/span><\/span><\/li><li class=\"gutentor-list-item grid-lg-12 grid-md-12 grid-12\"><span class=\"gutentor-single-item gutentor-single-item-4\"><span class=\"gutentor-list-item-wrap g-s-list-wrap\"><span class=\"gutentor-single-list-item-icon\"><i class=\"list-item-icon fas fa-arrow-right\"><\/i><\/span><span class=\"gutentor-list-item\"><p class=\"gutentor-single-item-title\">Lihtne kasutada: meetod on eelprogrammeeritud EnSURE Touch luminomeetris<\/p><\/span><\/span><\/span><\/li><\/ul><\/div>\n\n\n\n<div id=\"section-g-b1ol22l\" class=\"wp-block-gutentor-e6 section-g-b1ol22l gutentor-element gutentor-element-image gutentor-enabled-width text-align-center-desktop text-align-center-tablet text-align-center-mobile\"><div class=\"gutentor-element-image-box\"><div class=\"gutentor-image-thumb\"><img decoding=\"async\" class=\"normal-image\" src=\"https:\/\/netfood.fi\/wp-content\/uploads\/2025\/01\/pic11.jpg\" \/><\/div><\/div><\/div>\n\n\n\n<div id=\"section-g-nbfbw6b\" class=\"wp-block-gutentor-e0 section-g-nbfbw6b gutentor-element gutentor-element-advanced-text\"><div class=\"gutentor-text-wrap\"><p class=\"gutentor-text\"><a href=\"https:\/\/netfood.fi\/kusi-pakkumist\/?lang=et\" target=\"_blank\" rel=\"noopener\">V\u00f5ta meiega \u00fchendust juba t\u00e4na!<\/a><\/p><\/div><\/div>\n<\/div><\/div>\n<\/div><\/div><\/section>\n<\/div><\/section>\n","protected":false},"excerpt":{"rendered":"","protected":false},"author":2,"featured_media":0,"parent":1239,"menu_order":0,"comment_status":"closed","ping_status":"closed","template":"","meta":{"_acf_changed":false,"footnotes":""},"class_list":["post-1315","page","type-page","status-publish"],"acf":[],"_links":{"self":[{"href":"https:\/\/www.netfood.fi\/et\/wp-json\/wp\/v2\/pages\/1315","targetHints":{"allow":["GET"]}}],"collection":[{"href":"https:\/\/www.netfood.fi\/et\/wp-json\/wp\/v2\/pages"}],"about":[{"href":"https:\/\/www.netfood.fi\/et\/wp-json\/wp\/v2\/types\/page"}],"author":[{"embeddable":true,"href":"https:\/\/www.netfood.fi\/et\/wp-json\/wp\/v2\/users\/2"}],"replies":[{"embeddable":true,"href":"https:\/\/www.netfood.fi\/et\/wp-json\/wp\/v2\/comments?post=1315"}],"version-history":[{"count":1,"href":"https:\/\/www.netfood.fi\/et\/wp-json\/wp\/v2\/pages\/1315\/revisions"}],"predecessor-version":[{"id":1333,"href":"https:\/\/www.netfood.fi\/et\/wp-json\/wp\/v2\/pages\/1315\/revisions\/1333"}],"up":[{"embeddable":true,"href":"https:\/\/www.netfood.fi\/et\/wp-json\/wp\/v2\/pages\/1239"}],"wp:attachment":[{"href":"https:\/\/www.netfood.fi\/et\/wp-json\/wp\/v2\/media?parent=1315"}],"curies":[{"name":"wp","href":"https:\/\/api.w.org\/{rel}","templated":true}]}}