{"id":1229,"date":"2025-01-16T09:30:31","date_gmt":"2025-01-16T06:30:31","guid":{"rendered":"https:\/\/netfood.iwn.co\/kiirtestid\/allergeenitestit\/"},"modified":"2025-07-22T06:08:25","modified_gmt":"2025-07-22T06:08:25","slug":"allergeenijaakide","status":"publish","type":"page","link":"https:\/\/www.netfood.fi\/et\/teenused-ja-tooted\/kiirtestid\/allergeenijaakide\/","title":{"rendered":"Allergeenij\u00e4\u00e4kide"},"content":{"rendered":"\n<section id=\"g-1j575j5\" class=\"wp-block-gutentor-m3 alignfull section-g-1j575j5 gutentor-module gutentor-container-cover\"><div class=\"grid-container\">\n<section id=\"g-9fw9ij3\" class=\"wp-block-gutentor-m4 section-g-9fw9ij3 gutentor-module gutentor-advanced-columns\"><div class=\"grid-container\"><div class=\"grid-row\">\n<div id=\"col-g-sw35wpg\" class=\"wp-block-gutentor-m4-col col-g-sw35wpg gutentor-single-column  grid-lg-12 grid-md-12 grid-12\"><div id=\"section-g-sw35wpg\" class=\"section-g-sw35wpg gutentor-col-wrap\">\n<div id=\"section-g-xkswcvw\" class=\"wp-block-gutentor-e0 section-g-xkswcvw gutentor-element gutentor-element-advanced-text\"><div class=\"gutentor-text-wrap\"><p class=\"gutentor-text\">Net-Foodlab Oy pakub laia valikut allergeenij\u00e4\u00e4kide m\u00e4\u00e4ramiseks m\u00f5eldud kiirteste ja ELISA anal\u00fc\u00fcse. Meie valikus on Hygiena ja Biosystems testid, mis sobivad nii pindade , CIP-vee kui ka toorainete ja valmistoodete kontrollimiseks.<\/p><\/div><\/div>\n\n\n\n<div id=\"section-g-1b6cb6a\" class=\"wp-block-gutentor-e0 section-g-1b6cb6a gutentor-element gutentor-element-advanced-text\"><div class=\"gutentor-text-wrap\"><p class=\"gutentor-text\">Kui vajad kiirtesti, mis v\u00f5imaldab tuvastada erinevaid allergeenij\u00e4\u00e4ke \u00fcheaegselt, on heaks valikuks&nbsp; <a href=\"http:\/\/www.vaaranarviointi.fi\/product-detail\/allersnap\/\" target=\"_blank\" rel=\"noopener\">Hygiena Allersnap<\/a>. Tegemist on tundliku valguj\u00e4\u00e4gi testiga, mis sobib suurep\u00e4raselt allergeeniohu kontrollimiseks, kuna enamik allergeene on valgup\u00f5hised (erandiks on&nbsp; EL- allergeeninimerkirjas loetletud talumatust p\u00f5hjustavad laktoos, v\u00e4\u00e4veldioksiid ja sulfitid).<br><br>Kui vajad anal\u00fc\u00fcse, mis on teostatud akrediteeritud meetodil, vaata meie laboriteenuste valikut.<\/p><\/div><\/div>\n<\/div><\/div>\n<\/div><\/div><\/section>\n\n\n\n<section id=\"g-o1ftywo\" class=\"wp-block-gutentor-m3 section-g-o1ftywo gutentor-module gutentor-container-cover\"><div class=\"grid-container\">\n<h2 class=\"wp-block-heading has-text-align-center has-global-color-10-color has-text-color has-link-color wp-elements-f788987eb938c8acf81bcfdaea54ce0f\">Tuotteet<\/h2>\n\n\n\n<div style=\"height:2em\" aria-hidden=\"true\" class=\"wp-block-spacer\"><\/div>\n\n\n\n<div class=\"alignnormal\"><div id=\"metaslider-id-1269\" style=\"width: 100%;\" class=\"ml-slider-3-107-0 metaslider metaslider-flex metaslider-1269 ml-slider has-carousel-mode ms-theme-default-base nav-hidden\" role=\"region\" aria-label=\"Allergeenitestit - eesti\" data-height=\"300\" data-width=\"300\">\n    <div id=\"metaslider_container_1269\">\n        <div id=\"metaslider_1269\">\n            <ul class='slides'>\n                <li style=\"display: none; width: 100%;\" class=\"slide-1270 ms-image \" aria-roledescription=\"slide\" data-date=\"2025-07-22 06:06:50\" data-filename=\"metaslider-alertox.png\" data-slide-type=\"image\"><a href=\"https:\/\/www.netfood.fi\/et\/teenused-ja-tooted\/kiirtestid\/allergeenijaakide\/alertox-sticks\/\" target=\"_self\" aria-label=\"View Slide Details\" class=\"metaslider_image_link\"><img loading=\"lazy\" decoding=\"async\" src=\"https:\/\/www.netfood.fi\/wp-content\/uploads\/2025\/03\/metaslider-alertox.png\" height=\"300\" width=\"300\" alt=\"Hygiena AlerTox Stics -tuotekuva\" class=\"slider-1269 slide-1270 msDefaultImage\" title=\"metaslider-alertox\" \/><\/a><\/li>\n                <li style=\"display: none; width: 100%;\" class=\"slide-1271 ms-image \" aria-roledescription=\"slide\" data-date=\"2025-07-22 06:06:50\" data-filename=\"metaslider-allerflow-gluten.png\" data-slide-type=\"image\"><a href=\"https:\/\/www.netfood.fi\/et\/teenused-ja-tooted\/kiirtestid\/allergeenijaakide\/allerflow-gluten\/\" target=\"_self\" aria-label=\"View Slide Details\" class=\"metaslider_image_link\"><img loading=\"lazy\" decoding=\"async\" src=\"https:\/\/www.netfood.fi\/wp-content\/uploads\/2025\/03\/metaslider-allerflow-gluten.png\" height=\"300\" width=\"300\" alt=\"Hygiena AllerFlow Gluten -tuotekuva\" class=\"slider-1269 slide-1271 msDefaultImage\" title=\"metaslider-allerflow-gluten\" \/><\/a><\/li>\n                <li style=\"display: none; width: 100%;\" class=\"slide-1272 ms-image \" aria-roledescription=\"slide\" data-date=\"2025-07-22 06:06:50\" data-filename=\"metaslider-allersnap.png\" data-slide-type=\"image\"><a href=\"https:\/\/www.netfood.fi\/et\/teenused-ja-tooted\/kiirtestid\/allergeenijaakide\/allersnap\/\" target=\"_self\" aria-label=\"View Slide Details\" class=\"metaslider_image_link\"><img loading=\"lazy\" decoding=\"async\" src=\"https:\/\/www.netfood.fi\/wp-content\/uploads\/2025\/03\/metaslider-allersnap.png\" height=\"300\" width=\"300\" alt=\"Hygiena AllerSnap -tuotekuva\" class=\"slider-1269 slide-1272 msDefaultImage\" title=\"metaslider-allersnap\" \/><\/a><\/li>\n                <li style=\"display: none; width: 100%;\" class=\"slide-1273 ms-image \" aria-roledescription=\"slide\" data-date=\"2025-07-22 06:06:50\" data-filename=\"metaslider-glutentox-pro.png\" data-slide-type=\"image\"><a href=\"https:\/\/www.netfood.fi\/et\/teenused-ja-tooted\/kiirtestid\/allergeenijaakide\/glutentox-pro\/\" target=\"_self\" aria-label=\"View Slide Details\" class=\"metaslider_image_link\"><img loading=\"lazy\" decoding=\"async\" src=\"https:\/\/www.netfood.fi\/wp-content\/uploads\/2025\/03\/metaslider-glutentox-pro.png\" height=\"300\" width=\"300\" alt=\"Hygiena GlutenTox Pro -tuotekuva\" class=\"slider-1269 slide-1273 msDefaultImage\" title=\"metaslider-glutentox-pro\" \/><\/a><\/li>\n            <\/ul>\n        <\/div>\n        \n    <\/div>\n<\/div><\/div>\n<\/div><\/section>\n<\/div><\/section>\n","protected":false},"excerpt":{"rendered":"","protected":false},"author":2,"featured_media":0,"parent":1223,"menu_order":0,"comment_status":"closed","ping_status":"closed","template":"","meta":{"_acf_changed":false,"footnotes":""},"class_list":["post-1229","page","type-page","status-publish"],"acf":[],"_links":{"self":[{"href":"https:\/\/www.netfood.fi\/et\/wp-json\/wp\/v2\/pages\/1229","targetHints":{"allow":["GET"]}}],"collection":[{"href":"https:\/\/www.netfood.fi\/et\/wp-json\/wp\/v2\/pages"}],"about":[{"href":"https:\/\/www.netfood.fi\/et\/wp-json\/wp\/v2\/types\/page"}],"author":[{"embeddable":true,"href":"https:\/\/www.netfood.fi\/et\/wp-json\/wp\/v2\/users\/2"}],"replies":[{"embeddable":true,"href":"https:\/\/www.netfood.fi\/et\/wp-json\/wp\/v2\/comments?post=1229"}],"version-history":[{"count":2,"href":"https:\/\/www.netfood.fi\/et\/wp-json\/wp\/v2\/pages\/1229\/revisions"}],"predecessor-version":[{"id":1274,"href":"https:\/\/www.netfood.fi\/et\/wp-json\/wp\/v2\/pages\/1229\/revisions\/1274"}],"up":[{"embeddable":true,"href":"https:\/\/www.netfood.fi\/et\/wp-json\/wp\/v2\/pages\/1223"}],"wp:attachment":[{"href":"https:\/\/www.netfood.fi\/et\/wp-json\/wp\/v2\/media?parent=1229"}],"curies":[{"name":"wp","href":"https:\/\/api.w.org\/{rel}","templated":true}]}}